{"id":38,"date":"2025-06-07T15:28:58","date_gmt":"2025-06-07T13:28:58","guid":{"rendered":"https:\/\/cecile-naudet-dieteticienne.fr\/?page_id=38"},"modified":"2025-10-09T15:22:27","modified_gmt":"2025-10-09T13:22:27","slug":"modele-biopsychosocial","status":"publish","type":"page","link":"https:\/\/cecile-naudet-dieteticienne.fr\/index.php\/modele-biopsychosocial\/","title":{"rendered":"Mod\u00e8le Biopsychosensoriel"},"content":{"rendered":"\n<h2 class=\"wp-block-heading\">Mod\u00e8le biopsychosensoriel<\/h2>\n\n\n\n<p>Mon approche se base sur le mod\u00e8le bio-psycho-social de la nutrition. <strong>Un individu normalement r\u00e9gul\u00e9 basera son alimentation sur ses sensations&nbsp;<\/strong>: faim, sati\u00e9t\u00e9, <strong>et aura un poids se maintenant autour de son \u00ab&nbsp;poids d\u2019\u00e9quilibre&nbsp;\u00bb<\/strong>, c\u2019est-\u00e0-dire le poids o\u00f9 les calories consomm\u00e9es sont \u00e9quivalentes \u00e0 celles d\u00e9pens\u00e9es. Autrement dit, le corps a la capacit\u00e9 de r\u00e9guler lui-m\u00eame ses besoins caloriques par l\u2019envoi \u00e0 notre cerveau de sensations (faim, envie, sati\u00e9t\u00e9, rassasiement) qui nous ferons adopter les comportements de prises alimentaires ad\u00e9quats.<\/p>\n\n\n\n<p>En th\u00e9orie, si nous sommes en connexion avec nos sensations et que nous les \u00e9coutons, nous pouvons maintenir sans effort notre poids d\u2019\u00e9quilibre.<\/p>\n\n\n\n<p>A noter que <strong>ce poids d\u2019\u00e9quilibre varie au long de la vie<\/strong> (suite \u00e0 des prises de poids, \u00e0 des changements hormonaux, m\u00e9taboliques, du stress, etc.), <strong>en tendant dans la majorit\u00e9 des cas \u00e0 augmenter<\/strong>. Il est donc peu probable de retrouver son poids de jeunesse plusieurs ann\u00e9es plus tard.<\/p>\n\n\n\n<p>Si la r\u00e9gulation du poids est un processus naturel, pourquoi une grande partie de la population a des probl\u00e8mes de poids&nbsp;?<\/p>\n\n\n\n<figure class=\"wp-block-image aligncenter size-full\"><img loading=\"lazy\" decoding=\"async\" width=\"377\" height=\"253\" src=\"https:\/\/cecile-naudet-dieteticienne.fr\/wp-content\/uploads\/2025\/06\/Image1.png\" alt=\"\" class=\"wp-image-104\" srcset=\"https:\/\/cecile-naudet-dieteticienne.fr\/wp-content\/uploads\/2025\/06\/Image1.png 377w, https:\/\/cecile-naudet-dieteticienne.fr\/wp-content\/uploads\/2025\/06\/Image1-300x201.png 300w\" sizes=\"auto, (max-width: 377px) 100vw, 377px\" \/><\/figure>\n\n\n\n<p>Nous vivons dans une soci\u00e9t\u00e9 d\u2019abondance alimentaire, avec une augmentation croissante de l\u2019alimentation ultra transform\u00e9e et remplie de discours contradictoires&nbsp;: d\u2019une part des rayons entiers de confiseries, de charcuteries et autres \u00ab&nbsp;aliments r\u00e9confortants&nbsp;\u00bb tr\u00e8s app\u00e9tissants, et d\u2019autre part les invitations aux bonnes pratiques alimentaires (3 repas par jour, pas trop de ci, pas trop de \u00e7a, faire du sport). Drap\u00e9s d\u2019injonctions \u00e0 la minceur, tout en \u00e9tant mitraill\u00e9s de publicit\u00e9s d\u2019alimentation grasse et sucr\u00e9, difficile de ne pas se laisser entrainer dans le tourbillon des contradictions&nbsp;! Nous d\u00e9battons comme nous pouvons entre tentations et interdits, en essayant de nous \u00ab&nbsp;raisonner&nbsp;\u00bb et progressivement nous nous d\u00e9connectons de nos sensations.<\/p>\n\n\n\n<p><strong>Le corps ne r\u00e9gule plus physiologiquement son poids car nous d\u00e9cidons d\u2019ignorer les sensations qu\u2019il nous envoie et nous nous en remettons \u00e0 nos pens\u00e9es<\/strong> (\u00ab&nbsp;je n\u2019ai pas faim mais il faut manger car c\u2019est l\u2019heure&nbsp;\u00bb, \u00ab j\u2019ai tr\u00e8s envie de manger&nbsp;cet aliment mais je ne vais pas le faire car il n\u2019est pas bon pour mon corps&nbsp;\u00bb, etc) et \u00e0 nos \u00e9motions (\u00ab&nbsp;la journ\u00e9e a \u00e9t\u00e9 difficile, j\u2019ai bien m\u00e9rit\u00e9 un g\u00e2teau pour compenser&#8230; non ce n&rsquo;est pas raisonnable&nbsp;\u00bb) pour contr\u00f4ler notre alimentation.<\/p>\n\n\n\n<p>Un contr\u00f4le r\u00e9p\u00e9t\u00e9 am\u00e8ne automatiquement de la frustration et, \u00e0 terme, il se fissure et entraine une <strong>perte de contr\u00f4le<\/strong> (\u00ab\u00a0je m\u2019\u00e9tais autoris\u00e9(e) \u00e0 manger un g\u00e2teau, mais j\u2019ai mang\u00e9 tout le paquet\u00a0\u00bb) souvent <strong>accompagn\u00e9e de pens\u00e9es n\u00e9gatives envers soi <\/strong>( \u00ab\u00a0J&rsquo;ai honte de moi\u00a0\u00bb).<\/p>\n\n\n\n<p>Au cours du temps, la fr\u00e9quence des pertes de contr\u00f4le augmente, les calories ing\u00e9r\u00e9es sont beaucoup plus importantes que celles d\u00e9pens\u00e9es&nbsp;: la prise de poids commence. En parall\u00e8le, les pens\u00e9es n\u00e9gatives et rabaissantes envers soi-m\u00eame grignotent doucement mais s\u00fbrement l&rsquo;estime de soi et l&rsquo;image de son propre corps.<\/p>\n\n\n\n<p><strong>Ici l&rsquo;id\u00e9e de la prise en soin n&rsquo;est pas tant de se focaliser sur le contenu de l&rsquo;assiette que de s&rsquo;int\u00e9resser au pourquoi de l&rsquo;assiette, \u00e0 l&rsquo;environnement autour, au contexte \u00e9motionnel et de voir la place des sensations alimentaires dans tout \u00e7a.<\/strong><\/p>\n","protected":false},"excerpt":{"rendered":"<p>Mod\u00e8le biopsychosensoriel Mon approche se base sur le mod\u00e8le bio-psycho-social de la nutrition. Un individu normalement r\u00e9gul\u00e9 basera son alimentation sur ses sensations&nbsp;: faim, sati\u00e9t\u00e9, et aura un poids se maintenant autour de son \u00ab&nbsp;poids d\u2019\u00e9quilibre&nbsp;\u00bb, c\u2019est-\u00e0-dire le poids o\u00f9 les calories consomm\u00e9es sont \u00e9quivalentes \u00e0 celles d\u00e9pens\u00e9es. Autrement dit, le corps a la capacit\u00e9 [&hellip;]<\/p>\n","protected":false},"author":3,"featured_media":104,"parent":0,"menu_order":0,"comment_status":"closed","ping_status":"closed","template":"","meta":{"footnotes":""},"class_list":["post-38","page","type-page","status-publish","has-post-thumbnail","hentry"],"_links":{"self":[{"href":"https:\/\/cecile-naudet-dieteticienne.fr\/index.php\/wp-json\/wp\/v2\/pages\/38","targetHints":{"allow":["GET"]}}],"collection":[{"href":"https:\/\/cecile-naudet-dieteticienne.fr\/index.php\/wp-json\/wp\/v2\/pages"}],"about":[{"href":"https:\/\/cecile-naudet-dieteticienne.fr\/index.php\/wp-json\/wp\/v2\/types\/page"}],"author":[{"embeddable":true,"href":"https:\/\/cecile-naudet-dieteticienne.fr\/index.php\/wp-json\/wp\/v2\/users\/3"}],"replies":[{"embeddable":true,"href":"https:\/\/cecile-naudet-dieteticienne.fr\/index.php\/wp-json\/wp\/v2\/comments?post=38"}],"version-history":[{"count":12,"href":"https:\/\/cecile-naudet-dieteticienne.fr\/index.php\/wp-json\/wp\/v2\/pages\/38\/revisions"}],"predecessor-version":[{"id":264,"href":"https:\/\/cecile-naudet-dieteticienne.fr\/index.php\/wp-json\/wp\/v2\/pages\/38\/revisions\/264"}],"wp:featuredmedia":[{"embeddable":true,"href":"https:\/\/cecile-naudet-dieteticienne.fr\/index.php\/wp-json\/wp\/v2\/media\/104"}],"wp:attachment":[{"href":"https:\/\/cecile-naudet-dieteticienne.fr\/index.php\/wp-json\/wp\/v2\/media?parent=38"}],"curies":[{"name":"wp","href":"https:\/\/api.w.org\/{rel}","templated":true}]}}