{"id":25,"date":"2025-06-07T15:47:45","date_gmt":"2025-06-07T13:47:45","guid":{"rendered":"http:\/\/cecile-naudet-dieteticienne.fr\/?page_id=25"},"modified":"2025-10-02T14:01:39","modified_gmt":"2025-10-02T12:01:39","slug":"blog","status":"publish","type":"page","link":"https:\/\/cecile-naudet-dieteticienne.fr\/index.php\/blog\/","title":{"rendered":"Blog"},"content":{"rendered":"\n<div class=\"wp-block-group alignwide has-global-padding is-layout-constrained wp-block-group-is-layout-constrained\">\n<div class=\"wp-block-query alignwide is-layout-flow wp-block-query-is-layout-flow\"><ul class=\"wp-block-post-template is-layout-flow wp-container-core-post-template-is-layout-5556c617 wp-block-post-template-is-layout-flow\"><li class=\"wp-block-post post-276 post type-post status-publish format-standard hentry category-comportement-alimentaire\">\n\n<div class=\"wp-block-group has-base-background-color has-background has-global-padding is-layout-constrained wp-container-core-group-is-layout-6cf6249f wp-block-group-is-layout-constrained\" style=\"padding-top:2rem;padding-right:2rem;padding-bottom:2rem;padding-left:2rem;box-shadow:var(--wp--preset--shadow--close)\">\n<div class=\"wp-block-group has-global-padding is-layout-constrained wp-container-core-group-is-layout-e555385e wp-block-group-is-layout-constrained\"><h2 style=\"font-size:1.7rem;\" class=\"wp-block-post-title\"><a href=\"https:\/\/cecile-naudet-dieteticienne.fr\/index.php\/2026\/01\/29\/pourquoi-consulter-un-dieteticien-quand-dois-je-consulter-un-dieteticien\/\" target=\"_self\" >Pourquoi consulter un di\u00e9t\u00e9ticien\u00a0? Quand dois-je consulter un di\u00e9t\u00e9ticien\u00a0?<\/a><\/h2>\n\n\n<div class=\"wp-block-group is-content-justification-space-between is-layout-flex wp-container-core-group-is-layout-9149c39c wp-block-group-is-layout-flex\"><div class=\"wp-block-post-date\"><time datetime=\"2026-01-29T16:18:59+01:00\"><a href=\"https:\/\/cecile-naudet-dieteticienne.fr\/index.php\/2026\/01\/29\/pourquoi-consulter-un-dieteticien-quand-dois-je-consulter-un-dieteticien\/\">Jan 29, 2026<\/a><\/time><\/div>\n\n\n<div class=\"wp-block-group is-nowrap is-layout-flex wp-container-core-group-is-layout-509d8e3e wp-block-group-is-layout-flex\">\n<p>by<\/p>\n\n\n<div class=\"wp-block-post-author-name\"><a href=\"https:\/\/cecile-naudet-dieteticienne.fr\/index.php\/author\/cecile-naudet\/\" target=\"_self\" class=\"wp-block-post-author-name__link\">Cecile Naudet<\/a><\/div><\/div>\n<\/div>\n<\/div>\n\n\n\n<div class=\"wp-block-group has-global-padding is-layout-constrained wp-block-group-is-layout-constrained\"><\/div>\n\n\n\n<div class=\"wp-block-group has-global-padding is-layout-constrained wp-block-group-is-layout-constrained\"><div class=\"wp-block-post-excerpt\"><p class=\"wp-block-post-excerpt__excerpt\">Voici deux questions souvent pos\u00e9es. Si la r\u00e9ponse \u00e0 la premi\u00e8re est plus facile \u00e0\u2026 <\/p><\/div>\n\n<div class=\"taxonomy-category wp-block-post-terms\"><a href=\"https:\/\/cecile-naudet-dieteticienne.fr\/index.php\/category\/comportement-alimentaire\/\" rel=\"tag\">Comportement alimentaire<\/a><\/div><\/div>\n<\/div>\n\n<\/li><li class=\"wp-block-post post-178 post type-post status-publish format-standard hentry category-comportement-alimentaire category-obesite\">\n\n<div class=\"wp-block-group has-base-background-color has-background has-global-padding is-layout-constrained wp-container-core-group-is-layout-6cf6249f wp-block-group-is-layout-constrained\" style=\"padding-top:2rem;padding-right:2rem;padding-bottom:2rem;padding-left:2rem;box-shadow:var(--wp--preset--shadow--close)\">\n<div class=\"wp-block-group has-global-padding is-layout-constrained wp-container-core-group-is-layout-e555385e wp-block-group-is-layout-constrained\"><h2 style=\"font-size:1.7rem;\" class=\"wp-block-post-title\"><a href=\"https:\/\/cecile-naudet-dieteticienne.fr\/index.php\/2025\/10\/09\/obesite-une-maladie-multifactorielle-et-complexe\/\" target=\"_self\" >Ob\u00e9sit\u00e9 : une maladie multifactorielle et complexe<\/a><\/h2>\n\n\n<div class=\"wp-block-group is-content-justification-space-between is-layout-flex wp-container-core-group-is-layout-9149c39c wp-block-group-is-layout-flex\"><div class=\"wp-block-post-date\"><time datetime=\"2025-10-09T16:34:59+02:00\"><a href=\"https:\/\/cecile-naudet-dieteticienne.fr\/index.php\/2025\/10\/09\/obesite-une-maladie-multifactorielle-et-complexe\/\">Oct 9, 2025<\/a><\/time><\/div>\n\n\n<div class=\"wp-block-group is-nowrap is-layout-flex wp-container-core-group-is-layout-509d8e3e wp-block-group-is-layout-flex\">\n<p>by<\/p>\n\n\n<div class=\"wp-block-post-author-name\"><a href=\"https:\/\/cecile-naudet-dieteticienne.fr\/index.php\/author\/cecile-naudet\/\" target=\"_self\" class=\"wp-block-post-author-name__link\">Cecile Naudet<\/a><\/div><\/div>\n<\/div>\n<\/div>\n\n\n\n<div class=\"wp-block-group has-global-padding is-layout-constrained wp-block-group-is-layout-constrained\"><\/div>\n\n\n\n<div class=\"wp-block-group has-global-padding is-layout-constrained wp-block-group-is-layout-constrained\"><div class=\"wp-block-post-excerpt\"><p class=\"wp-block-post-excerpt__excerpt\">L\u2019ob\u00e9sit\u00e9, qu\u2019est-ce que c\u2019est&nbsp;? L\u2019ob\u00e9sit\u00e9 est d\u00e9finie comme une accumulation anormale et excessive de graisse\u2026 <\/p><\/div>\n\n<div class=\"taxonomy-category wp-block-post-terms\"><a href=\"https:\/\/cecile-naudet-dieteticienne.fr\/index.php\/category\/comportement-alimentaire\/\" rel=\"tag\">Comportement alimentaire<\/a><span class=\"wp-block-post-terms__separator\"> <\/span><a href=\"https:\/\/cecile-naudet-dieteticienne.fr\/index.php\/category\/obesite\/\" rel=\"tag\">Ob\u00e9sit\u00e9<\/a><\/div><\/div>\n<\/div>\n\n<\/li><li class=\"wp-block-post post-112 post type-post status-publish format-standard hentry category-alimentation-apres-70-ans\">\n\n<div class=\"wp-block-group has-base-background-color has-background has-global-padding is-layout-constrained wp-container-core-group-is-layout-6cf6249f wp-block-group-is-layout-constrained\" style=\"padding-top:2rem;padding-right:2rem;padding-bottom:2rem;padding-left:2rem;box-shadow:var(--wp--preset--shadow--close)\">\n<div class=\"wp-block-group has-global-padding is-layout-constrained wp-container-core-group-is-layout-e555385e wp-block-group-is-layout-constrained\"><h2 style=\"font-size:1.7rem;\" class=\"wp-block-post-title\"><a href=\"https:\/\/cecile-naudet-dieteticienne.fr\/index.php\/2025\/09\/16\/alimentation-apres-70-ans-sante-osseuse\/\" target=\"_self\" >Alimentation apr\u00e8s 70 ans : SANTE OSSEUSE.<\/a><\/h2>\n\n\n<div class=\"wp-block-group is-content-justification-space-between is-layout-flex wp-container-core-group-is-layout-9149c39c wp-block-group-is-layout-flex\"><div class=\"wp-block-post-date\"><time datetime=\"2025-09-16T14:42:59+02:00\"><a href=\"https:\/\/cecile-naudet-dieteticienne.fr\/index.php\/2025\/09\/16\/alimentation-apres-70-ans-sante-osseuse\/\">Sep 16, 2025<\/a><\/time><\/div>\n\n\n<div class=\"wp-block-group is-nowrap is-layout-flex wp-container-core-group-is-layout-509d8e3e wp-block-group-is-layout-flex\">\n<p>by<\/p>\n\n\n<div class=\"wp-block-post-author-name\"><a href=\"https:\/\/cecile-naudet-dieteticienne.fr\/index.php\/author\/cecile-naudet\/\" target=\"_self\" class=\"wp-block-post-author-name__link\">Cecile Naudet<\/a><\/div><\/div>\n<\/div>\n<\/div>\n\n\n\n<div class=\"wp-block-group has-global-padding is-layout-constrained wp-block-group-is-layout-constrained\"><\/div>\n\n\n\n<div class=\"wp-block-group has-global-padding is-layout-constrained wp-block-group-is-layout-constrained\"><div class=\"wp-block-post-excerpt\"><p class=\"wp-block-post-excerpt__excerpt\">Quels changements dans l\u2019alimentation apr\u00e8s 70 ans ? La sant\u00e9 osseuse. L\u2019os est un tissu\u2026 <\/p><\/div>\n\n<div class=\"taxonomy-category wp-block-post-terms\"><a href=\"https:\/\/cecile-naudet-dieteticienne.fr\/index.php\/category\/alimentation-apres-70-ans\/\" rel=\"tag\">Alimentation apr\u00e8s 70 ans<\/a><\/div><\/div>\n<\/div>\n\n<\/li><li class=\"wp-block-post post-96 post type-post status-publish format-standard hentry category-alimentation-apres-70-ans\">\n\n<div class=\"wp-block-group has-base-background-color has-background has-global-padding is-layout-constrained wp-container-core-group-is-layout-6cf6249f wp-block-group-is-layout-constrained\" style=\"padding-top:2rem;padding-right:2rem;padding-bottom:2rem;padding-left:2rem;box-shadow:var(--wp--preset--shadow--close)\">\n<div class=\"wp-block-group has-global-padding is-layout-constrained wp-container-core-group-is-layout-e555385e wp-block-group-is-layout-constrained\"><h2 style=\"font-size:1.7rem;\" class=\"wp-block-post-title\"><a href=\"https:\/\/cecile-naudet-dieteticienne.fr\/index.php\/2025\/09\/08\/alimentation-apres-70-ans\/\" target=\"_self\" >Alimentation apr\u00e8s 70 ans :  LES PROTEINES<\/a><\/h2>\n\n\n<div class=\"wp-block-group is-content-justification-space-between is-layout-flex wp-container-core-group-is-layout-9149c39c wp-block-group-is-layout-flex\"><div class=\"wp-block-post-date\"><time datetime=\"2025-09-08T14:35:39+02:00\"><a href=\"https:\/\/cecile-naudet-dieteticienne.fr\/index.php\/2025\/09\/08\/alimentation-apres-70-ans\/\">Sep 8, 2025<\/a><\/time><\/div>\n\n\n<div class=\"wp-block-group is-nowrap is-layout-flex wp-container-core-group-is-layout-509d8e3e wp-block-group-is-layout-flex\">\n<p>by<\/p>\n\n\n<div class=\"wp-block-post-author-name\"><a href=\"https:\/\/cecile-naudet-dieteticienne.fr\/index.php\/author\/cecile-naudet\/\" target=\"_self\" class=\"wp-block-post-author-name__link\">Cecile Naudet<\/a><\/div><\/div>\n<\/div>\n<\/div>\n\n\n\n<div class=\"wp-block-group has-global-padding is-layout-constrained wp-block-group-is-layout-constrained\"><\/div>\n\n\n\n<div class=\"wp-block-group has-global-padding is-layout-constrained wp-block-group-is-layout-constrained\"><div class=\"wp-block-post-excerpt\"><p class=\"wp-block-post-excerpt__excerpt\">Quels changements dans l\u2019alimentation apr\u00e8s 70 ans ? Les Prot\u00e9ines. Contrairement aux id\u00e9es re\u00e7ues, il\u2026 <\/p><\/div>\n\n<div class=\"taxonomy-category wp-block-post-terms\"><a href=\"https:\/\/cecile-naudet-dieteticienne.fr\/index.php\/category\/alimentation-apres-70-ans\/\" rel=\"tag\">Alimentation apr\u00e8s 70 ans<\/a><\/div><\/div>\n<\/div>\n\n<\/li><li class=\"wp-block-post post-89 post type-post status-publish format-standard hentry category-non-classe\">\n\n<div class=\"wp-block-group has-base-background-color has-background has-global-padding is-layout-constrained wp-container-core-group-is-layout-6cf6249f wp-block-group-is-layout-constrained\" style=\"padding-top:2rem;padding-right:2rem;padding-bottom:2rem;padding-left:2rem;box-shadow:var(--wp--preset--shadow--close)\">\n<div class=\"wp-block-group has-global-padding is-layout-constrained wp-container-core-group-is-layout-e555385e wp-block-group-is-layout-constrained\"><h2 style=\"font-size:1.7rem;\" class=\"wp-block-post-title\"><a href=\"https:\/\/cecile-naudet-dieteticienne.fr\/index.php\/2025\/06\/20\/addiction-et-nutrition\/\" target=\"_self\" >Addiction et nutrition<\/a><\/h2>\n\n\n<div class=\"wp-block-group is-content-justification-space-between is-layout-flex wp-container-core-group-is-layout-9149c39c wp-block-group-is-layout-flex\"><div class=\"wp-block-post-date\"><time datetime=\"2025-06-20T15:54:33+02:00\"><a href=\"https:\/\/cecile-naudet-dieteticienne.fr\/index.php\/2025\/06\/20\/addiction-et-nutrition\/\">Juin 20, 2025<\/a><\/time><\/div>\n\n\n<div class=\"wp-block-group is-nowrap is-layout-flex wp-container-core-group-is-layout-509d8e3e wp-block-group-is-layout-flex\">\n<p>by<\/p>\n\n\n<div class=\"wp-block-post-author-name\"><a href=\"https:\/\/cecile-naudet-dieteticienne.fr\/index.php\/author\/cecile-naudet\/\" target=\"_self\" class=\"wp-block-post-author-name__link\">Cecile Naudet<\/a><\/div><\/div>\n<\/div>\n<\/div>\n\n\n\n<div class=\"wp-block-group has-global-padding is-layout-constrained wp-block-group-is-layout-constrained\"><\/div>\n\n\n\n<div class=\"wp-block-group has-global-padding is-layout-constrained wp-block-group-is-layout-constrained\"><div class=\"wp-block-post-excerpt\"><p class=\"wp-block-post-excerpt__excerpt\">L\u2019addiction est \u00ab une affection c\u00e9r\u00e9brale chronique, r\u00e9cidivante, caract\u00e9ris\u00e9e par la recherche et l\u2019usage compulsif\u2026 <\/p><\/div>\n\n<div class=\"taxonomy-category wp-block-post-terms\"><a href=\"https:\/\/cecile-naudet-dieteticienne.fr\/index.php\/category\/non-classe\/\" rel=\"tag\">Addiction<\/a><\/div><\/div>\n<\/div>\n\n<\/li><\/ul>\n\n\n<div class=\"wp-block-group alignwide has-global-padding is-layout-constrained wp-block-group-is-layout-constrained\" style=\"margin-top:4rem;margin-bottom:4rem\"><\/div>\n<\/div>\n<\/div>\n","protected":false},"excerpt":{"rendered":"","protected":false},"author":1,"featured_media":0,"parent":0,"menu_order":0,"comment_status":"closed","ping_status":"closed","template":"","meta":{"footnotes":""},"class_list":["post-25","page","type-page","status-publish","hentry"],"_links":{"self":[{"href":"https:\/\/cecile-naudet-dieteticienne.fr\/index.php\/wp-json\/wp\/v2\/pages\/25","targetHints":{"allow":["GET"]}}],"collection":[{"href":"https:\/\/cecile-naudet-dieteticienne.fr\/index.php\/wp-json\/wp\/v2\/pages"}],"about":[{"href":"https:\/\/cecile-naudet-dieteticienne.fr\/index.php\/wp-json\/wp\/v2\/types\/page"}],"author":[{"embeddable":true,"href":"https:\/\/cecile-naudet-dieteticienne.fr\/index.php\/wp-json\/wp\/v2\/users\/1"}],"replies":[{"embeddable":true,"href":"https:\/\/cecile-naudet-dieteticienne.fr\/index.php\/wp-json\/wp\/v2\/comments?post=25"}],"version-history":[{"count":3,"href":"https:\/\/cecile-naudet-dieteticienne.fr\/index.php\/wp-json\/wp\/v2\/pages\/25\/revisions"}],"predecessor-version":[{"id":260,"href":"https:\/\/cecile-naudet-dieteticienne.fr\/index.php\/wp-json\/wp\/v2\/pages\/25\/revisions\/260"}],"wp:attachment":[{"href":"https:\/\/cecile-naudet-dieteticienne.fr\/index.php\/wp-json\/wp\/v2\/media?parent=25"}],"curies":[{"name":"wp","href":"https:\/\/api.w.org\/{rel}","templated":true}]}}